{"id":12,"date":"2023-09-26T12:38:25","date_gmt":"2023-09-26T11:38:25","guid":{"rendered":"https:\/\/democontent.codex-themes.com\/sites-wpb-v5\/startup-02\/?page_id=12"},"modified":"2024-04-01T14:54:23","modified_gmt":"2024-04-01T14:54:23","slug":"homepage","status":"publish","type":"page","link":"https:\/\/cienciatraslacional.org\/","title":{"rendered":"Home"},"content":{"rendered":"<div class=\"wpb-content-wrapper\"><p>[vc_row full_width=&#8221;stretch_row&#8221; equal_height=&#8221;yes&#8221; content_placement=&#8221;middle&#8221; css=&#8221;.vc_custom_1711983100028{margin-bottom: 0px !important;padding-top: 130px !important;padding-bottom: 130px !important;background-color: #ffffff !important;}&#8221; el_class=&#8221;accordion-row&#8221; tablet_padding_top=&#8221;90&#8243; tablet_padding_bottom=&#8221;90&#8243; mobile_padding_top=&#8221;60&#8243; mobile_padding_bottom=&#8221;70&#8243;][vc_column width=&#8221;1\/2&#8243; css=&#8221;.vc_custom_1695899193544{padding-top: 0px !important;}&#8221;]<div class=\"thegem-te-heading thegem-custom-69f5ec188c2af58\" ><script type=\"text\/javascript\">(function() {function TheGemHeading() {this.animateClass = 'thegem-heading-animate';this.animatedClass = 'thegem-heading-animated';}TheGemHeading.prototype = {initialize: function () {let items =document.querySelectorAll('.'+this.animateClass);items.forEach((item)=>{if (this.isElementVisible(item)) {this.prepareAnimation(item);this.startAnimation(item);}});if ('IntersectionObserver' in window) {let intersectionObserver = new IntersectionObserver((entries)=>{entries.forEach((entry)=> {if (entry.isIntersecting) {this.startAnimation(entry.target);intersectionObserver.unobserve(entry.target);}});});items.forEach((item)=>{intersectionObserver.observe(item);this.prepareAnimation(item);});} else {items.forEach((item)=>{this.prepareAnimation(item);this.startAnimation(item);});}},isElementVisible: function (element) {let rect= element.getBoundingClientRect(),width= window.innerWidth || document.documentElement.clientWidth,height = window.innerHeight || document.documentElement.clientHeight,efp= (x, y) => document.elementFromPoint(x, y);if (rect.right < 0 || rect.bottom < 0 || rect.left > width || rect.top > height) return false;return (element.contains(efp(rect.left,rect.top)) ||element.contains(efp(rect.right, rect.top)) ||element.contains(efp(rect.right, rect.bottom)) ||element.contains(efp(rect.left,rect.bottom)));},startAnimation: function (element) {if (element && !element.classList.contains(this.animatedClass)) {element.classList.add(this.animatedClass);element.classList.remove(this.animateClass);element.dispatchEvent(new Event('theGemHeading.startAnimation', {bubbles: true}));}},prepareAnimation: function (element) {if (element && !element.isPreparedAnimation) {element.dispatchEvent(new Event('theGemHeading.prepareAnimation', {bubbles: true}));element.isPreparedAnimation = true;}}};window.theGemHeading = new TheGemHeading();document.addEventListener('DOMContentLoaded', function() {window.theGemHeading.initialize();});})();<\/script><div id=\"thegem-heading-69f5ec188bde8\" class=\"thegem-heading title-h5 vc_custom_1704713185377 fade-bt thegem-heading-animate\" style=\"text-align: left;\" ><span>La ciencia traslacional tiene como prop\u00f3sito la mejora de la interacci\u00f3n entre los cient\u00edficos, los gestores, los responsables de la toma de decisiones y la sociedad. Prop\u00f3sito de la p\u00e1gina web. (1) Facilitar una herramienta que permita conectar las necesidades de la sociedad con los conocimientos, bienes y servicios que reside en el colectivo investigador. (2) Impulsar la conexi\u00f3n de necesidades y retos con investigadores y equipos que disponen de experiencia, conocimientos o recursos que permitir\u00edan resolverlos. (3) Proveer una identidad (l\u00edquida) a personas interesadas en implementar los conceptos y m\u00e9todos de ciencia traslacional.<\/span><\/div><style type=\"text\/css\">#thegem-heading-69f5ec188bde8 {margin: 0;}#thegem-heading-69f5ec188bde8 a:hover, #thegem-heading-69f5ec188bde8 a:hover span.colored {color: var(--thegem-to-menu-level1-color-hover, #00BCD4) !important;}<\/style><\/div><style>@media screen and (max-width: 1023px) {.thegem-te-heading.thegem-custom-69f5ec188c2af58{display: block!important;}}@media screen and (max-width: 767px) {.thegem-te-heading.thegem-custom-69f5ec188c2af58{display: block!important;}}@media screen and (max-width: 1023px) {.thegem-te-heading.thegem-custom-69f5ec188c2af58{position: relative !important;}}@media screen and (max-width: 767px) {.thegem-te-heading.thegem-custom-69f5ec188c2af58{position: relative !important;}}<\/style><div class=\"thegem-te-heading thegem-custom-69f5ec188c5072036\" ><div id=\"thegem-heading-69f5ec188c482\" class=\"thegem-heading title-h1 words-slide-right thegem-heading-animate\" style=\"text-align: left;\" ><span class=\"thegem-heading-word-wrap\"><span class=\"thegem-heading-word\" style=\"animation-delay: 15ms\">Pronto<\/span><\/span> <span class=\"thegem-heading-word-wrap\"><span class=\"thegem-heading-word\" style=\"animation-delay: 30ms\">con<\/span><\/span> <span class=\"thegem-heading-word-wrap\"><span class=\"thegem-heading-word\" style=\"animation-delay: 45ms\">vosotr@s<\/span><\/span><\/div><style type=\"text\/css\">#thegem-heading-69f5ec188c482 {margin: 0;}#thegem-heading-69f5ec188c482 a:hover, #thegem-heading-69f5ec188c482 a:hover span.colored {color: var(--thegem-to-menu-level1-color-hover, #00BCD4) !important;}<\/style><\/div><style>@media screen and (max-width: 1023px) {.thegem-te-heading.thegem-custom-69f5ec188c5072036{display: block!important;}}@media screen and (max-width: 767px) {.thegem-te-heading.thegem-custom-69f5ec188c5072036{display: block!important;}}@media screen and (max-width: 1023px) {.thegem-te-heading.thegem-custom-69f5ec188c5072036{position: relative !important;}}@media screen and (max-width: 767px) {.thegem-te-heading.thegem-custom-69f5ec188c5072036{position: relative !important;}}<\/style><div class=\"diagram-item\"><div class=\"diagram-wrapper style-1\"><div class=\"lazy-loading lazy-loading-not-hide\" data-ll-item-delay=\"0\" > <div class=\"digram-line-box lazy-loading-item\" data-ll-effect=\"action\" data-ll-action-func=\"thegem_start_line_digram\" style=\"background-color: rgba(0,0,0,0.01)\"> <div class=\"skill-element\"> <div class=\"skill-title\">Lo pensada que la tenemos: Terminada <\/div> <div class=\"clearfix\"> <div style=\"color:#2066ae\" class=\"skill-amount\">0%<\/div> <div class=\"skill-line\" style=\"background-color: #dde8f8\"><div data-amount=\"100\" style=\"width: 0; background: #2066ae;\"><\/div><\/div> <\/div> <\/div> <div class=\"skill-element\"> <div class=\"skill-title\">El dise\u00f1o <\/div> <div class=\"clearfix\"> <div style=\"color:#2066ae\" class=\"skill-amount\">0%<\/div> <div class=\"skill-line\" style=\"background-color: #dde8f8\"><div data-amount=\"60\" style=\"width: 0; background: #2066ae;\"><\/div><\/div> <\/div> <\/div> <div class=\"skill-element\"> <div class=\"skill-title\">Picando c\u00f3digo... <\/div> <div class=\"clearfix\"> <div style=\"color:#2066ae\" class=\"skill-amount\">0%<\/div> <div class=\"skill-line\" style=\"background-color: #dde8f8\"><div data-amount=\"30\" style=\"width: 0; background: #2066ae;\"><\/div><\/div> <\/div> <\/div> <\/div> <\/div><\/div><\/div>[\/vc_column][vc_column width=&#8221;1\/2&#8243; css=&#8221;.vc_custom_1695900781800{padding-top: 0px !important;}&#8221; mobile_padding_top=&#8221;70&#8243;][vc_single_image image=&#8221;1370&#8243; img_size=&#8221;full&#8221; alignment=&#8221;right&#8221;][vc_single_image image=&#8221;1412&#8243; img_size=&#8221;medium&#8221; alignment=&#8221;right&#8221;][\/vc_column][\/vc_row][vc_row full_width=&#8221;stretch_row&#8221; equal_height=&#8221;yes&#8221; content_placement=&#8221;middle&#8221; css=&#8221;.vc_custom_1704878390541{margin-bottom: 0px !important;padding-top: 130px !important;padding-bottom: 130px !important;background-color: #f2f2f2 !important;}&#8221; el_class=&#8221;accordion-row&#8221; tablet_padding_top=&#8221;90&#8243; tablet_padding_bottom=&#8221;90&#8243; mobile_padding_top=&#8221;60&#8243; mobile_padding_bottom=&#8221;70&#8243;][vc_column width=&#8221;1\/2&#8243; css=&#8221;.vc_custom_1695899193544{padding-top: 0px !important;}&#8221;]<div class=\"thegem-te-heading thegem-custom-69f5ec188cc515298\" ><div id=\"thegem-heading-69f5ec188cbe1\" class=\"thegem-heading title-h1 vc_custom_1704878283386 words-slide-right thegem-heading-animate\" style=\"text-align: left;\" ><span class=\"thegem-heading-word-wrap\"><span class=\"thegem-heading-word\" style=\"animation-delay: 15ms\">CONOCIMIENTOS,<\/span><\/span> <span class=\"thegem-heading-word-wrap\"><span class=\"thegem-heading-word\" style=\"animation-delay: 30ms\">BIENES<\/span><\/span> <span class=\"thegem-heading-word-wrap\"><span class=\"thegem-heading-word\" style=\"animation-delay: 45ms\">Y<\/span><\/span> <span class=\"thegem-heading-word-wrap\"><span class=\"thegem-heading-word\" style=\"animation-delay: 60ms\">SERVICIOS<\/span><\/span><\/div><style type=\"text\/css\">#thegem-heading-69f5ec188cbe1 {margin: 0;}@media screen and (max-width: 767px) {#thegem-heading-69f5ec188cbe1.thegem-heading {margin-bottom: 35px !important;}}#thegem-heading-69f5ec188cbe1 a:hover, #thegem-heading-69f5ec188cbe1 a:hover span.colored {color: var(--thegem-to-menu-level1-color-hover, #00BCD4) !important;}<\/style><\/div><style>@media screen and (max-width: 1023px) {.thegem-te-heading.thegem-custom-69f5ec188cc515298{display: block!important;}}@media screen and (max-width: 767px) {.thegem-te-heading.thegem-custom-69f5ec188cc515298{display: block!important;}}@media screen and (max-width: 1023px) {.thegem-te-heading.thegem-custom-69f5ec188cc515298{position: relative !important;}}@media screen and (max-width: 767px) {.thegem-te-heading.thegem-custom-69f5ec188cc515298{position: relative !important;}}@media screen and (max-width: 767px) {.thegem-te-heading.thegem-custom-69f5ec188cc515298{margin-bottom: 35px !important;}}<\/style><div class=\"thegem-te-heading thegem-custom-69f5ec188ce54568\" ><div id=\"thegem-heading-69f5ec188cdbc\" class=\"thegem-heading title-h5 vc_custom_1704878295614 words-slide-right thegem-heading-animate\" style=\"text-align: left;\" ><span class=\"thegem-heading-word-wrap\"><span class=\"thegem-heading-word\" style=\"animation-delay: 15ms\">Relaciones<\/span><\/span> <span class=\"thegem-heading-word-wrap\"><span class=\"thegem-heading-word\" style=\"animation-delay: 30ms\">y<\/span><\/span> <span class=\"thegem-heading-word-wrap\"><span class=\"thegem-heading-word\" style=\"animation-delay: 45ms\">conexiones<\/span><\/span> <span class=\"thegem-heading-word-wrap\"><span class=\"thegem-heading-word\" style=\"animation-delay: 60ms\">en<\/span><\/span> <span class=\"thegem-heading-word-wrap\"><span class=\"thegem-heading-word\" style=\"animation-delay: 75ms\">las<\/span><\/span> <span class=\"thegem-heading-word-wrap\"><span class=\"thegem-heading-word\" style=\"animation-delay: 90ms\">organizaciones<\/span><\/span><\/div><style type=\"text\/css\">#thegem-heading-69f5ec188cdbc {margin: 0;}@media screen and (max-width: 767px) {#thegem-heading-69f5ec188cdbc.thegem-heading {margin-bottom: 10px !important;}}#thegem-heading-69f5ec188cdbc {max-width: 340px;}#thegem-heading-69f5ec188cdbc a:hover, #thegem-heading-69f5ec188cdbc a:hover span.colored {color: var(--thegem-to-menu-level1-color-hover, #00BCD4) !important;}<\/style><\/div><style>@media screen and (max-width: 1023px) {.thegem-te-heading.thegem-custom-69f5ec188ce54568{display: block!important;}}@media screen and (max-width: 767px) {.thegem-te-heading.thegem-custom-69f5ec188ce54568{display: block!important;}}@media screen and (max-width: 1023px) {.thegem-te-heading.thegem-custom-69f5ec188ce54568{position: relative !important;}}@media screen and (max-width: 767px) {.thegem-te-heading.thegem-custom-69f5ec188ce54568{position: relative !important;}}@media screen and (max-width: 767px) {.thegem-te-heading.thegem-custom-69f5ec188ce54568{margin-bottom: 10px !important;}}<\/style>[\/vc_column][vc_column width=&#8221;1\/2&#8243; css=&#8221;.vc_custom_1695900781800{padding-top: 0px !important;}&#8221; mobile_padding_top=&#8221;70&#8243;]<div class=\"gem-image gem-wrapbox gem-wrapbox-style-default gem-wrapbox-position-below\"  style=\"\"><div class=\"gem-wrapbox-inner \" ><a href=\"https:\/\/cienciatraslacional.org\/wp-content\/uploads\/2024\/01\/ConexionConOtros.png\" class=\"fancybox\"><img decoding=\"async\" class=\"gem-wrapbox-element img-responsive\" src=\"https:\/\/cienciatraslacional.org\/wp-content\/uploads\/2024\/01\/ConexionConOtros.png\" alt=\"\"\/><\/a><\/div><\/div>[\/vc_column][\/vc_row][vc_row full_width=&#8221;stretch_row&#8221; equal_height=&#8221;yes&#8221; content_placement=&#8221;middle&#8221; css=&#8221;.vc_custom_1704712363100{margin-bottom: 0px !important;padding-top: 90px !important;padding-bottom: 100px !important;background-color: #2066ae !important;}&#8221; el_class=&#8221;newsletter-row&#8221; tablet_padding_top=&#8221;60&#8243; tablet_padding_bottom=&#8221;70&#8243;][vc_column css=&#8221;.vc_custom_1695895471291{padding-top: 0px !important;}&#8221; offset=&#8221;vc_col-lg-6 vc_col-md-6&#8243;]<div class=\"thegem-te-heading thegem-custom-69f5ec188d88e4465\" ><div id=\"thegem-heading-69f5ec188d80e\" class=\"thegem-heading title-h1 vc_custom_1704878486438 words-slide-right thegem-heading-animate\" style=\"text-align: left;\" ><span class=\"thegem-heading-word-wrap\"><span class=\"colored thegem-heading-word\" style=\"color: #ffffff; animation-delay: 15ms\">AV\u00cdSADME<\/span><\/span> <span class=\"thegem-heading-word-wrap\"><span class=\"colored thegem-heading-word\" style=\"color: #ffffff; animation-delay: 30ms\">CUANDO<\/span><\/span> <span class=\"thegem-heading-word-wrap\"><span class=\"colored thegem-heading-word\" style=\"color: #ffffff; animation-delay: 45ms\">EST\u00c9<\/span><\/span> <span class=\"thegem-heading-word-wrap\"><span class=\"colored thegem-heading-word\" style=\"color: #ffffff; animation-delay: 60ms\">ACABADA<\/span><\/span><\/div><style type=\"text\/css\">#thegem-heading-69f5ec188d80e {margin: 0;}#thegem-heading-69f5ec188d80e a:hover, #thegem-heading-69f5ec188d80e a:hover span.colored {color: var(--thegem-to-menu-level1-color-hover, #00BCD4) !important;}<\/style><\/div><style>@media screen and (max-width: 1023px) {.thegem-te-heading.thegem-custom-69f5ec188d88e4465{display: block!important;}}@media screen and (max-width: 767px) {.thegem-te-heading.thegem-custom-69f5ec188d88e4465{display: block!important;}}@media screen and (max-width: 1023px) {.thegem-te-heading.thegem-custom-69f5ec188d88e4465{position: relative !important;}}@media screen and (max-width: 767px) {.thegem-te-heading.thegem-custom-69f5ec188d88e4465{position: relative !important;}}<\/style><style>.thegem-te-socials-sharing.thegem-custom-69f5ec188d9324789 .socials-sharing .socials-item {min-width: 30px;}.thegem-te-socials-sharing.thegem-custom-69f5ec188d9324789 .socials-sharing .socials-item {min-height: 30px;}.thegem-te-socials-sharing.thegem-custom-69f5ec188d9324789 .socials-sharing .socials-item {color: #3333ff;}.thegem-te-socials-sharing.thegem-custom-69f5ec188d9324789 .socials-sharing .socials-item:hover {color: #ffffff;}.thegem-te-socials-sharing.thegem-custom-69f5ec188d9324789 .socials-sharing .socials-item {background-color: #ffffff;}.thegem-te-socials-sharing.thegem-custom-69f5ec188d9324789 .socials-sharing .socials-item:hover {background-color: #ed2c94;}.thegem-te-socials-sharing.thegem-custom-69f5ec188d9324789 .socials-sharing .socials-item {border-color: #ffffff;}.thegem-te-socials-sharing.thegem-custom-69f5ec188d9324789 .socials-sharing .socials-item:hover {border-color: #ed2c94;}<\/style><div class=\"thegem-te-socials-sharing socials-sharing--left socials-sharing--round socials-sharing--tiny thegem-custom-69f5ec188d9324789\"> <div class=\"socials-sharing\"> <ul> <li><a class=\"socials-item facebook\" target=\"_blank\" href=\"https:\/\/www.facebook.com\/sharer\/sharer.php?u=https%3A%2F%2Fcienciatraslacional.org%2F\" title=\"Facebook\"><i class=\"socials-item-icon facebook\"><\/i><\/a><\/li> <li><a class=\"socials-item twitter\" target=\"_blank\" href=\"https:\/\/twitter.com\/intent\/tweet?text=Home&#038;url=https%3A%2F%2Fcienciatraslacional.org%2F\" title=\"Twitter\"><i class=\"socials-item-icon twitter\"><\/i><\/a><\/li> <li><a class=\"socials-item pinterest\" target=\"_blank\" href=\"https:\/\/pinterest.com\/pin\/create\/button\/?url=https%3A%2F%2Fcienciatraslacional.org%2F&#038;description=Home\" title=\"Pinterest\"><i class=\"socials-item-icon pinterest\"><\/i><\/a><\/li> <li><a class=\"socials-item tumblr\" target=\"_blank\" href=\"https:\/\/tumblr.com\/widgets\/share\/tool?canonicalUrl=https%3A%2F%2Fcienciatraslacional.org%2F\" title=\"Tumblr\"><i class=\"socials-item-icon tumblr\"><\/i><\/a><\/li> <li><a class=\"socials-item linkedin\" target=\"_blank\" href=\"https:\/\/www.linkedin.com\/shareArticle?mini=true&#038;url=https%3A%2F%2Fcienciatraslacional.org%2F&#038;title=Home&amp;summary=%5Bvc_row+full_width%3D%26%238221%3Bstretch_row%26%238221%3B+equal_height%3D%26%238221%3Byes%26%238221%3B+content_placement%3D%26%238221%3Bmiddle%26%238221%3B+css%3D%26%238221%3B.vc_custom_1711983100028%7Bmargin-bottom%3A+0px+%21important%3Bpadding-top%3A+130px+%21important%3Bpadding-bottom%3A+130px+%21important%3Bbackground-color%3A+%23ffffff+%21important%3B%7D%26%238221%3B+el_class%3D%26%238221%3Baccordion-row%26%238221%3B+tablet_padding_top%3D%26%238221%3B90%26%238243%3B+tablet_padding_bottom%3D%26%238221%3B90%26%238243%3B+mobile_padding_top%3D%26%238221%3B60%26%238243%3B+mobile_padding_bottom%3D%26%238221%3B70%26%238243%3B%5D%5Bvc_column+width%3D%26%238221%3B1%2F2%26%238243%3B+css%3D%26%238221%3B.vc_custom_1695899193544%7Bpadding-top%3A...\" title=\"LinkedIn\"><i class=\"socials-item-icon linkedin\"><\/i><\/a><\/li> <li><a class=\"socials-item telegram\" target=\"_blank\" href=\"https:\/\/t.me\/share\/url?url=https%3A%2F%2Fcienciatraslacional.org%2F&#038;text=Home\" title=\"Telegram\"><i class=\"socials-item-icon telegram\"><\/i><\/a><\/li> <\/ul> <\/div> <\/div>[\/vc_column][vc_column css_animation=&#8221;fadeInRight&#8221; css=&#8221;.vc_custom_1695895493481{padding-top: 0px !important;}&#8221; offset=&#8221;vc_col-lg-6 vc_col-md-6&#8243; tablet_padding_top=&#8221;30&#8243;][vc_raw_html]JTVCZm9ybWluYXRvcl9mb3JtJTIwaWQlM0QlMjIxNDA0JTIyJTVE[\/vc_raw_html][\/vc_column][\/vc_row]<\/p>\n<\/div>","protected":false},"excerpt":{"rendered":"<p>[vc_row full_width=&#8221;stretch_row&#8221; equal_height=&#8221;yes&#8221; content_placement=&#8221;middle&#8221; css=&#8221;.vc_custom_1711983100028{margin-bottom: 0px !important;padding-top: 130px !important;padding-bottom: 130px !important;background-color: #ffffff !important;}&#8221; el_class=&#8221;accordion-row&#8221; tablet_padding_top=&#8221;90&#8243; tablet_padding_bottom=&#8221;90&#8243; mobile_padding_top=&#8221;60&#8243; mobile_padding_bottom=&#8221;70&#8243;][vc_column width=&#8221;1\/2&#8243; css=&#8221;.vc_custom_1695899193544{padding-top:&#8230;<\/p>\n","protected":false},"author":2,"featured_media":0,"parent":0,"menu_order":0,"comment_status":"closed","ping_status":"closed","template":"","meta":{"footnotes":""},"class_list":["post-12","page","type-page","status-publish"],"_links":{"self":[{"href":"https:\/\/cienciatraslacional.org\/index.php\/wp-json\/wp\/v2\/pages\/12","targetHints":{"allow":["GET"]}}],"collection":[{"href":"https:\/\/cienciatraslacional.org\/index.php\/wp-json\/wp\/v2\/pages"}],"about":[{"href":"https:\/\/cienciatraslacional.org\/index.php\/wp-json\/wp\/v2\/types\/page"}],"author":[{"embeddable":true,"href":"https:\/\/cienciatraslacional.org\/index.php\/wp-json\/wp\/v2\/users\/2"}],"replies":[{"embeddable":true,"href":"https:\/\/cienciatraslacional.org\/index.php\/wp-json\/wp\/v2\/comments?post=12"}],"version-history":[{"count":18,"href":"https:\/\/cienciatraslacional.org\/index.php\/wp-json\/wp\/v2\/pages\/12\/revisions"}],"predecessor-version":[{"id":1423,"href":"https:\/\/cienciatraslacional.org\/index.php\/wp-json\/wp\/v2\/pages\/12\/revisions\/1423"}],"wp:attachment":[{"href":"https:\/\/cienciatraslacional.org\/index.php\/wp-json\/wp\/v2\/media?parent=12"}],"curies":[{"name":"wp","href":"https:\/\/api.w.org\/{rel}","templated":true}]}}